{"id":71,"date":"2015-01-15T23:48:12","date_gmt":"2015-01-15T21:48:12","guid":{"rendered":"http:\/\/www.wildgatter.net\/?page_id=71"},"modified":"2015-03-01T12:17:17","modified_gmt":"2015-03-01T10:17:17","slug":"trauzeugen","status":"publish","type":"page","link":"http:\/\/www.wildgatter.net\/?page_id=71","title":{"rendered":"Trauzeugen"},"content":{"rendered":"<p>Bei allen Fragen k\u00f6nnt Ihr Euch auch vertrauensvoll an unsere Trauzeugen wenden:<\/p>\n<p><strong>F\u00fcr Johanna:<\/strong><\/p>\n<p><strong><em>Susanne B\u00f6se<br \/>\n<\/em><\/strong><\/p>\n<p><a href=\"http:\/\/www.wildgatter.net\/wp-content\/uploads\/2015\/03\/Susi.jpg\"><img loading=\"lazy\" decoding=\"async\" class=\" size-medium wp-image-191 alignleft\" src=\"http:\/\/www.wildgatter.net\/wp-content\/uploads\/2015\/03\/Susi-300x300.jpg\" alt=\"Susi\" width=\"300\" height=\"300\" srcset=\"http:\/\/www.wildgatter.net\/wp-content\/uploads\/2015\/03\/Susi-300x300.jpg 300w, http:\/\/www.wildgatter.net\/wp-content\/uploads\/2015\/03\/Susi-150x150.jpg 150w, http:\/\/www.wildgatter.net\/wp-content\/uploads\/2015\/03\/Susi-60x60.jpg 60w, http:\/\/www.wildgatter.net\/wp-content\/uploads\/2015\/03\/Susi.jpg 640w\" sizes=\"(max-width: 300px) 100vw, 300px\" \/><\/a><\/p>\n<p>&nbsp;<\/p>\n<p>&nbsp;<\/p>\n<p>&nbsp;<\/p>\n<p>email: boesesusanne@aol.com<\/p>\n<p>Telefon: 0174-3118144<\/p>\n<p>&nbsp;<\/p>\n<p>&nbsp;<\/p>\n<p>&nbsp;<\/p>\n<p>&nbsp;<\/p>\n<p><strong>F\u00fcr Hendrik:<\/strong><\/p>\n<p><strong><em>Stefan Horn, a.k.a. &#8222;St\u00fcppi&#8220;<\/em><\/strong><\/p>\n<p><a href=\"http:\/\/www.wildgatter.net\/wp-content\/uploads\/2015\/02\/IMGP3446-Large.jpg\"><img loading=\"lazy\" decoding=\"async\" class=\" size-medium wp-image-134 alignleft\" src=\"http:\/\/www.wildgatter.net\/wp-content\/uploads\/2015\/02\/IMGP3446-Large-300x199.jpg\" alt=\"IMGP3446 (Large)\" width=\"300\" height=\"199\" srcset=\"http:\/\/www.wildgatter.net\/wp-content\/uploads\/2015\/02\/IMGP3446-Large-300x199.jpg 300w, http:\/\/www.wildgatter.net\/wp-content\/uploads\/2015\/02\/IMGP3446-Large-1024x678.jpg 1024w, http:\/\/www.wildgatter.net\/wp-content\/uploads\/2015\/02\/IMGP3446-Large.jpg 1630w\" sizes=\"(max-width: 300px) 100vw, 300px\" \/><\/a><\/p>\n<p>email: stefan.c.horn@googlemail.com<\/p>\n<p>Telefon: 0049- 177-7210 475<\/p>\n<p>&nbsp;<\/p>\n","protected":false},"excerpt":{"rendered":"<p>Bei allen Fragen k\u00f6nnt Ihr Euch auch vertrauensvoll an unsere Trauzeugen wenden: F\u00fcr Johanna: Susanne B\u00f6se &nbsp; &nbsp; &nbsp; email: boesesusanne@aol.com Telefon: 0174-3118144 &nbsp; &nbsp; &nbsp; &nbsp; F\u00fcr Hendrik: Stefan Horn, a.k.a. &#8222;St\u00fcppi&#8220; email: stefan.c.horn@googlemail.com Telefon: 0049- 177-7210 475 &nbsp;<\/p>\n","protected":false},"author":1,"featured_media":0,"parent":0,"menu_order":0,"comment_status":"closed","ping_status":"closed","template":"","meta":{"footnotes":""},"_links":{"self":[{"href":"http:\/\/www.wildgatter.net\/index.php?rest_route=\/wp\/v2\/pages\/71"}],"collection":[{"href":"http:\/\/www.wildgatter.net\/index.php?rest_route=\/wp\/v2\/pages"}],"about":[{"href":"http:\/\/www.wildgatter.net\/index.php?rest_route=\/wp\/v2\/types\/page"}],"author":[{"embeddable":true,"href":"http:\/\/www.wildgatter.net\/index.php?rest_route=\/wp\/v2\/users\/1"}],"replies":[{"embeddable":true,"href":"http:\/\/www.wildgatter.net\/index.php?rest_route=%2Fwp%2Fv2%2Fcomments&post=71"}],"version-history":[{"count":7,"href":"http:\/\/www.wildgatter.net\/index.php?rest_route=\/wp\/v2\/pages\/71\/revisions"}],"predecessor-version":[{"id":193,"href":"http:\/\/www.wildgatter.net\/index.php?rest_route=\/wp\/v2\/pages\/71\/revisions\/193"}],"wp:attachment":[{"href":"http:\/\/www.wildgatter.net\/index.php?rest_route=%2Fwp%2Fv2%2Fmedia&parent=71"}],"curies":[{"name":"wp","href":"https:\/\/api.w.org\/{rel}","templated":true}]}}