{"id":316,"date":"2015-06-29T11:59:53","date_gmt":"2015-06-29T09:59:53","guid":{"rendered":"http:\/\/www.wildgatter.net\/?page_id=316"},"modified":"2015-11-30T20:22:50","modified_gmt":"2015-11-30T18:22:50","slug":"danke","status":"publish","type":"page","link":"http:\/\/www.wildgatter.net\/?page_id=316","title":{"rendered":"Danke!"},"content":{"rendered":"<p><strong>Liebe Freunde und Familie,<\/strong><\/p>\n<p>es war ein rauschendes Fest! Vielen lieben Dank, da\u00df Ihr mit uns gefeiert und die Tage zu einem unvergesslichen Erlebnis gemacht habt!<\/p>\n<p>Vielen Dank auch f\u00fcr die teilweise weiten und beschwerlichen Anreisen, die vielen Geschenke und Gl\u00fcckw\u00fcnsche und schlussendlich auch daf\u00fcr, da\u00df es Euch gibt! Es ist ein tolles Gef\u00fchl, da\u00df wir nicht nur zu viert, sondern mit Euch allen durch dieses Leben gehen.<\/p>\n<p>Viel zu lang haben wir f\u00fcr die Dankeskarten gebraucht, aber nun sind die endlich fertig und Ihr habt vermutlich deshalb den Weg auf unsere Seite zur\u00fcckgefunden.<\/p>\n<p>Ich habe hier bereits einige Fotos der Hochzeit ver\u00f6ffenlicht, folgt einfach den Reitern oben. Falls Ihr auch Fotos gemacht habt, w\u00fcrden wir uns sehr freuen, wenn Ihr uns eine CD davon brennen und schicken k\u00f6nntet.<\/p>\n<p>Seid nochmal geherzt und bedankt,<\/p>\n<p>Eure Johanna und Hendrik, T\u00e4ufling Josephine und Schwester Gretchen.<\/p>\n","protected":false},"excerpt":{"rendered":"<p>Liebe Freunde und Familie, es war ein rauschendes Fest! Vielen lieben Dank, da\u00df Ihr mit uns gefeiert und die Tage zu einem unvergesslichen Erlebnis gemacht habt! Vielen Dank auch f\u00fcr die teilweise weiten und beschwerlichen Anreisen, die vielen Geschenke und Gl\u00fcckw\u00fcnsche und schlussendlich auch daf\u00fcr, da\u00df es Euch gibt! Es ist ein tolles Gef\u00fchl, da\u00df &hellip; <a href=\"http:\/\/www.wildgatter.net\/?page_id=316\" class=\"more-link\"><span class=\"screen-reader-text\">Danke!<\/span> weiterlesen<\/a><\/p>\n","protected":false},"author":1,"featured_media":0,"parent":0,"menu_order":0,"comment_status":"closed","ping_status":"closed","template":"","meta":{"footnotes":""},"_links":{"self":[{"href":"http:\/\/www.wildgatter.net\/index.php?rest_route=\/wp\/v2\/pages\/316"}],"collection":[{"href":"http:\/\/www.wildgatter.net\/index.php?rest_route=\/wp\/v2\/pages"}],"about":[{"href":"http:\/\/www.wildgatter.net\/index.php?rest_route=\/wp\/v2\/types\/page"}],"author":[{"embeddable":true,"href":"http:\/\/www.wildgatter.net\/index.php?rest_route=\/wp\/v2\/users\/1"}],"replies":[{"embeddable":true,"href":"http:\/\/www.wildgatter.net\/index.php?rest_route=%2Fwp%2Fv2%2Fcomments&post=316"}],"version-history":[{"count":5,"href":"http:\/\/www.wildgatter.net\/index.php?rest_route=\/wp\/v2\/pages\/316\/revisions"}],"predecessor-version":[{"id":469,"href":"http:\/\/www.wildgatter.net\/index.php?rest_route=\/wp\/v2\/pages\/316\/revisions\/469"}],"wp:attachment":[{"href":"http:\/\/www.wildgatter.net\/index.php?rest_route=%2Fwp%2Fv2%2Fmedia&parent=316"}],"curies":[{"name":"wp","href":"https:\/\/api.w.org\/{rel}","templated":true}]}}