{"id":29,"date":"2015-01-15T21:24:19","date_gmt":"2015-01-15T19:24:19","guid":{"rendered":"http:\/\/www.wildgatter.net\/?page_id=29"},"modified":"2015-03-07T17:45:14","modified_gmt":"2015-03-07T15:45:14","slug":"willkommen","status":"publish","type":"page","link":"http:\/\/www.wildgatter.net\/","title":{"rendered":"Willkommen!"},"content":{"rendered":"<p>Du bist vermutlich hier gelandet, weil wir Dich zu unserer Hochzeit eingeladen haben.<\/p>\n<p>Wir hoffen nat\u00fcrlich, da\u00df Du auch kommst!<\/p>\n<p>Diese Seite wird bis zum gro\u00dfen Tag regelm\u00e4\u00dfig erg\u00e4nzt und ver\u00e4ndert werden, schau also hin und wieder rein, damit Du &#8222;optimal vorbereitet&#8220; bist.<\/p>\n<p>Bis sp\u00e4testens am 27.06.,<\/p>\n<p>Deine Johanna und Hendrik.<\/p>\n<p>&nbsp;<\/p>\n","protected":false},"excerpt":{"rendered":"<p>Du bist vermutlich hier gelandet, weil wir Dich zu unserer Hochzeit eingeladen haben. Wir hoffen nat\u00fcrlich, da\u00df Du auch kommst! Diese Seite wird bis zum gro\u00dfen Tag regelm\u00e4\u00dfig erg\u00e4nzt und ver\u00e4ndert werden, schau also hin und wieder rein, damit Du &#8222;optimal vorbereitet&#8220; bist. Bis sp\u00e4testens am 27.06., Deine Johanna und Hendrik. &nbsp;<\/p>\n","protected":false},"author":1,"featured_media":0,"parent":0,"menu_order":0,"comment_status":"closed","ping_status":"closed","template":"","meta":{"footnotes":""},"_links":{"self":[{"href":"http:\/\/www.wildgatter.net\/index.php?rest_route=\/wp\/v2\/pages\/29"}],"collection":[{"href":"http:\/\/www.wildgatter.net\/index.php?rest_route=\/wp\/v2\/pages"}],"about":[{"href":"http:\/\/www.wildgatter.net\/index.php?rest_route=\/wp\/v2\/types\/page"}],"author":[{"embeddable":true,"href":"http:\/\/www.wildgatter.net\/index.php?rest_route=\/wp\/v2\/users\/1"}],"replies":[{"embeddable":true,"href":"http:\/\/www.wildgatter.net\/index.php?rest_route=%2Fwp%2Fv2%2Fcomments&post=29"}],"version-history":[{"count":7,"href":"http:\/\/www.wildgatter.net\/index.php?rest_route=\/wp\/v2\/pages\/29\/revisions"}],"predecessor-version":[{"id":260,"href":"http:\/\/www.wildgatter.net\/index.php?rest_route=\/wp\/v2\/pages\/29\/revisions\/260"}],"wp:attachment":[{"href":"http:\/\/www.wildgatter.net\/index.php?rest_route=%2Fwp%2Fv2%2Fmedia&parent=29"}],"curies":[{"name":"wp","href":"https:\/\/api.w.org\/{rel}","templated":true}]}}