{"id":10,"date":"2015-01-15T18:47:06","date_gmt":"2015-01-15T16:47:06","guid":{"rendered":"http:\/\/www.wildgatter.net\/?page_id=10"},"modified":"2015-03-07T17:01:22","modified_gmt":"2015-03-07T15:01:22","slug":"haus-tornow","status":"publish","type":"page","link":"http:\/\/www.wildgatter.net\/?page_id=10","title":{"rendered":"Haus Tornow"},"content":{"rendered":"<p>Haus Tornow liegt in Pritzhagen, ca eine Stunde von Berlin entfernt.<\/p>\n<p style=\"text-align: left;\"><a href=\"http:\/\/www.wildgatter.net\/wp-content\/uploads\/2015\/01\/IMGP2745.jpg\"><img loading=\"lazy\" decoding=\"async\" class=\"  wp-image-28 alignleft\" src=\"http:\/\/www.wildgatter.net\/wp-content\/uploads\/2015\/01\/IMGP2745-300x199.jpg\" alt=\"IMGP2745\" width=\"369\" height=\"245\" srcset=\"http:\/\/www.wildgatter.net\/wp-content\/uploads\/2015\/01\/IMGP2745-300x199.jpg 300w, http:\/\/www.wildgatter.net\/wp-content\/uploads\/2015\/01\/IMGP2745-1024x678.jpg 1024w\" sizes=\"(max-width: 369px) 100vw, 369px\" \/><\/a><\/p>\n<p style=\"text-align: left;\">Die Anreise ist ab Freitag m\u00f6glich.<\/p>\n<p style=\"text-align: left;\">Im Haus kann auch \u00fcbernachtet werden. In der Umgebung haben wir auch noch kleine Bungalows zugebucht. Insgesamt bietet es Platz f\u00fcr ca 70 G\u00e4ste.<\/p>\n<p>Die Nacht von Freitag zu Samstag muss bei Abreise <span style=\"text-decoration: underline;\">bar<\/span> an die Betreiber des Haus Tornow entrichtet werden. Die Zimmerpreise findet Ihr auf der <a title=\"Zimmerpreise Freitag\" href=\"http:\/\/www.haus-tornow-am-see.de\/das-haus\/preise.html\" target=\"_blank\"><span style=\"text-decoration: underline;\"><span style=\"color: #000080; text-decoration: underline;\">Internetseite<\/span><\/span><\/a> des Haus Tornow.<\/p>\n<p>F\u00fcr die Hochzeitsnacht bitten wir Euch, Euch pauschal mit 50 Euro je Zimmer an den Kosten zu beteiligen.<\/p>\n<p>Einige G\u00e4ste m\u00fcssen wahrscheinlich in der Umgebung untergebracht werden. Sagt uns daher rechtzeitig Bescheid, wenn Ihr \u00fcber Nacht bleiben wollt.<\/p>\n<p>Es lohnt sich durchaus Freitags zu kommen, da das Haus idyllisch an einem See gelegen ist und \u00fcber eine eigene Badestelle verf\u00fcgt. Man kann hier herrlich baden und abh\u00e4ngen.<\/p>\n<p><a href=\"http:\/\/www.wildgatter.net\/wp-content\/uploads\/2015\/01\/IMGP5500.jpg\"><img loading=\"lazy\" decoding=\"async\" class=\"alignnone size-medium wp-image-23\" src=\"http:\/\/www.wildgatter.net\/wp-content\/uploads\/2015\/01\/IMGP5500-300x199.jpg\" alt=\"IMGP5500\" width=\"300\" height=\"199\" srcset=\"http:\/\/www.wildgatter.net\/wp-content\/uploads\/2015\/01\/IMGP5500-300x199.jpg 300w, http:\/\/www.wildgatter.net\/wp-content\/uploads\/2015\/01\/IMGP5500-1024x678.jpg 1024w\" sizes=\"(max-width: 300px) 100vw, 300px\" \/> \u00a0 \u00a0<\/a> <a href=\"http:\/\/www.wildgatter.net\/wp-content\/uploads\/2015\/01\/IMGP2741.jpg\"><img loading=\"lazy\" decoding=\"async\" class=\"alignnone size-medium wp-image-27\" src=\"http:\/\/www.wildgatter.net\/wp-content\/uploads\/2015\/01\/IMGP2741-300x199.jpg\" alt=\"IMGP2741\" width=\"300\" height=\"199\" srcset=\"http:\/\/www.wildgatter.net\/wp-content\/uploads\/2015\/01\/IMGP2741-300x199.jpg 300w, http:\/\/www.wildgatter.net\/wp-content\/uploads\/2015\/01\/IMGP2741-1024x678.jpg 1024w\" sizes=\"(max-width: 300px) 100vw, 300px\" \/><\/a><\/p>\n<p>Am Haus gibt es keine G\u00e4steparkpl\u00e4tze. Diese sind etwas oberhalb am Weg. Zum Ausladen kann vorgefahren werden.<\/p>\n<p><strong>Adresse f\u00fcr die Anfahrt:<\/strong><\/p>\n<p>Am Tornowsee 1d<br \/>\n15377 Oberbarnim<br \/>\nOT Pritzhagen<\/p>\n<p><a href=\"http:\/\/www.wildgatter.net\/wp-content\/uploads\/2015\/01\/Karte-Tornow-am-See1.jpg\"><img loading=\"lazy\" decoding=\"async\" class=\"alignnone size-medium wp-image-113\" src=\"http:\/\/www.wildgatter.net\/wp-content\/uploads\/2015\/01\/Karte-Tornow-am-See1-300x151.jpg\" alt=\"Karte Tornow am See\" width=\"300\" height=\"151\" srcset=\"http:\/\/www.wildgatter.net\/wp-content\/uploads\/2015\/01\/Karte-Tornow-am-See1-300x151.jpg 300w, http:\/\/www.wildgatter.net\/wp-content\/uploads\/2015\/01\/Karte-Tornow-am-See1.jpg 934w\" sizes=\"(max-width: 300px) 100vw, 300px\" \/><\/a> Karte anklicken f\u00fcr bessere Sicht.<\/p>\n<p><span style=\"color: #0000ff;\"><a style=\"color: #0000ff;\" title=\"Haus Tornow website\" href=\"http:\/\/www.haus-tornow-am-see.de\/startseite.html\" target=\"_blank\">http:\/\/www.haus-tornow-am-see.de\/startseite.html<\/a><\/span><\/p>\n<p>&nbsp;<\/p>\n<p>Wer kein Auto hat, kann sich zumindest auch mit \u00f6ffentlichen Verkehrsmitteln n\u00e4hern.<\/p>\n<p>Die RB26 f\u00e4hrt ab Berlin Lichtenberg nach M\u00fcncheberg, ab da soll es einen Bus 930 nach Pritzhagen geben. Oder wir holen Euch am Bahnhof ab, wenn Ihr uns Bescheid gebt.<\/p>\n<p>Mehr Informationen findet ihr hier: <span style=\"color: #0000ff;\"><a style=\"color: #0000ff;\" title=\"Zug und Bus\" href=\"http:\/\/www.ausflugslinien-seenland.de\/ausflugslinien\/index.php?id=13#c413\" target=\"_blank\">http:\/\/www.ausflugslinien-seenland.de\/ausflugslinien\/index.php?id=13#c413.<\/a><\/span><\/p>\n<p>Den Fahrplan der RB26 findet Ihr hier: <a href=\"http:\/\/www.wildgatter.net\/wp-content\/uploads\/2015\/03\/RB26_Fahrplan2015_web.pdf\"><span style=\"color: #0000ff;\">RB26_Fahrplan2015_web<\/span> .<\/a><\/p>\n","protected":false},"excerpt":{"rendered":"<p>Haus Tornow liegt in Pritzhagen, ca eine Stunde von Berlin entfernt. Die Anreise ist ab Freitag m\u00f6glich. Im Haus kann auch \u00fcbernachtet werden. In der Umgebung haben wir auch noch kleine Bungalows zugebucht. Insgesamt bietet es Platz f\u00fcr ca 70 G\u00e4ste. Die Nacht von Freitag zu Samstag muss bei Abreise bar an die Betreiber des &hellip; <a href=\"http:\/\/www.wildgatter.net\/?page_id=10\" class=\"more-link\"><span class=\"screen-reader-text\">Haus Tornow<\/span> weiterlesen<\/a><\/p>\n","protected":false},"author":1,"featured_media":0,"parent":0,"menu_order":0,"comment_status":"open","ping_status":"open","template":"","meta":{"footnotes":""},"_links":{"self":[{"href":"http:\/\/www.wildgatter.net\/index.php?rest_route=\/wp\/v2\/pages\/10"}],"collection":[{"href":"http:\/\/www.wildgatter.net\/index.php?rest_route=\/wp\/v2\/pages"}],"about":[{"href":"http:\/\/www.wildgatter.net\/index.php?rest_route=\/wp\/v2\/types\/page"}],"author":[{"embeddable":true,"href":"http:\/\/www.wildgatter.net\/index.php?rest_route=\/wp\/v2\/users\/1"}],"replies":[{"embeddable":true,"href":"http:\/\/www.wildgatter.net\/index.php?rest_route=%2Fwp%2Fv2%2Fcomments&post=10"}],"version-history":[{"count":25,"href":"http:\/\/www.wildgatter.net\/index.php?rest_route=\/wp\/v2\/pages\/10\/revisions"}],"predecessor-version":[{"id":254,"href":"http:\/\/www.wildgatter.net\/index.php?rest_route=\/wp\/v2\/pages\/10\/revisions\/254"}],"wp:attachment":[{"href":"http:\/\/www.wildgatter.net\/index.php?rest_route=%2Fwp%2Fv2%2Fmedia&parent=10"}],"curies":[{"name":"wp","href":"https:\/\/api.w.org\/{rel}","templated":true}]}}